{"id":1389,"date":"2024-04-17T13:07:30","date_gmt":"2024-04-17T13:07:30","guid":{"rendered":"https:\/\/nikolaurila.fi\/?page_id=1389"},"modified":"2024-05-10T11:27:46","modified_gmt":"2024-05-10T11:27:46","slug":"visit-syote","status":"publish","type":"page","link":"https:\/\/nikolaurila.fi\/en\/references\/visit-syote\/","title":{"rendered":"Visit Sy\u00f6te"},"content":{"rendered":"<style>.kb-row-layout-id1389_6392e3-2b > .kt-row-column-wrap{align-content:start;}:where(.kb-row-layout-id1389_6392e3-2b > .kt-row-column-wrap) > .wp-block-kadence-column{justify-content:start;}.kb-row-layout-id1389_6392e3-2b > .kt-row-column-wrap{column-gap:var(--global-kb-gap-md, 2rem);row-gap:var(--global-kb-gap-md, 2rem);padding-top:360px;padding-bottom:260px;grid-template-columns:minmax(0, calc(60% - ((var(--global-kb-gap-md, 2rem) * 1 )\/2)))minmax(0, calc(40% - ((var(--global-kb-gap-md, 2rem) * 1 )\/2)));}.kb-row-layout-id1389_6392e3-2b{background-image:url('https:\/\/nikolaurila.fi\/wp-content\/uploads\/2024\/04\/niko-laurila-visit-syote-1.jpg');background-size:cover;background-position:center center;background-attachment:fixed;background-repeat:no-repeat;}.kb-row-layout-id1389_6392e3-2b > .kt-row-layout-overlay{opacity:0.35;background-color:var(--global-palette3, #1A202C);}@media all and (max-width: 1024px), only screen and (min-device-width: 1024px) and (max-device-width: 1366px) and (-webkit-min-device-pixel-ratio: 2) and (hover: none){.kb-row-layout-id1389_6392e3-2b{background-attachment:scroll;}}@media all and (max-width: 1024px){.kb-row-layout-id1389_6392e3-2b > .kt-row-column-wrap{padding-top:190px;padding-bottom:190px;grid-template-columns:repeat(2, minmax(0, 1fr));}}@media all and (max-width: 767px){.kb-row-layout-id1389_6392e3-2b > .kt-row-column-wrap{padding-top:203px;padding-bottom:162px;padding-left:0px;grid-template-columns:minmax(0, 1fr);}}<\/style><div class=\"kb-row-layout-wrap kb-row-layout-id1389_6392e3-2b alignfull kt-row-has-bg wp-block-kadence-rowlayout\"><div class=\"kt-row-layout-overlay kt-row-overlay-normal\"><\/div><div class=\"kt-row-column-wrap kt-has-2-columns kt-row-layout-equal kt-tab-layout-inherit kt-mobile-layout-row kt-row-valign-top\">\n<style>.kadence-column1389_a4a684-f1 > .kt-inside-inner-col,.kadence-column1389_a4a684-f1 > .kt-inside-inner-col:before{border-top-left-radius:0px;border-top-right-radius:0px;border-bottom-right-radius:0px;border-bottom-left-radius:0px;}.kadence-column1389_a4a684-f1 > .kt-inside-inner-col{column-gap:var(--global-kb-gap-sm, 1rem);}.kadence-column1389_a4a684-f1 > .kt-inside-inner-col{flex-direction:column;}.kadence-column1389_a4a684-f1 > .kt-inside-inner-col > .aligncenter{width:100%;}.kadence-column1389_a4a684-f1 > .kt-inside-inner-col:before{opacity:0.3;}.kadence-column1389_a4a684-f1{position:relative;}.kadence-column1389_a4a684-f1, .kt-inside-inner-col > .kadence-column1389_a4a684-f1:not(.specificity){margin-left:var(--global-kb-spacing-3xl, 6.5rem);}@media all and (max-width: 1024px){.kadence-column1389_a4a684-f1 > .kt-inside-inner-col{flex-direction:column;justify-content:center;}}@media all and (max-width: 1024px){.kadence-column1389_a4a684-f1, .kt-inside-inner-col > .kadence-column1389_a4a684-f1:not(.specificity){margin-left:var(--global-kb-spacing-xxs, 0.5rem);}}@media all and (max-width: 767px){.kadence-column1389_a4a684-f1 > .kt-inside-inner-col{padding-top:var(--global-kb-spacing-xxs, 0.5rem);flex-direction:column;justify-content:center;}.kadence-column1389_a4a684-f1, .kt-inside-inner-col > .kadence-column1389_a4a684-f1:not(.specificity){margin-top:32px;margin-left:16px;}}<\/style>\n<div class=\"wp-block-kadence-column kadence-column1389_a4a684-f1\"><div class=\"kt-inside-inner-col\">\n<h1 class=\"wp-block-heading has-theme-palette-9-color has-text-color\">Reference: Visit Sy\u00f6te<\/h1>\n<\/div><\/div>\n\n\n<style>.kadence-column1389_8a4efc-c0 > .kt-inside-inner-col,.kadence-column1389_8a4efc-c0 > .kt-inside-inner-col:before{border-top-left-radius:0px;border-top-right-radius:0px;border-bottom-right-radius:0px;border-bottom-left-radius:0px;}.kadence-column1389_8a4efc-c0 > .kt-inside-inner-col{column-gap:var(--global-kb-gap-sm, 1rem);}.kadence-column1389_8a4efc-c0 > .kt-inside-inner-col{flex-direction:column;}.kadence-column1389_8a4efc-c0 > .kt-inside-inner-col > .aligncenter{width:100%;}.kadence-column1389_8a4efc-c0 > .kt-inside-inner-col:before{opacity:0.3;}.kadence-column1389_8a4efc-c0{position:relative;}@media all and (max-width: 1024px){.kadence-column1389_8a4efc-c0 > .kt-inside-inner-col{flex-direction:column;justify-content:center;}}@media all and (max-width: 767px){.kadence-column1389_8a4efc-c0 > .kt-inside-inner-col{flex-direction:column;justify-content:center;}}<\/style>\n<div class=\"wp-block-kadence-column kadence-column1389_8a4efc-c0\"><div class=\"kt-inside-inner-col\"><\/div><\/div>\n\n<\/div><\/div>\n\n<style>.kb-row-layout-id1389_8c946c-f3 > .kt-row-column-wrap{align-content:start;}:where(.kb-row-layout-id1389_8c946c-f3 > .kt-row-column-wrap) > .wp-block-kadence-column{justify-content:start;}.kb-row-layout-id1389_8c946c-f3 > .kt-row-column-wrap{column-gap:var(--global-kb-gap-md, 2rem);row-gap:var(--global-kb-gap-md, 2rem);padding-top:var(--global-kb-spacing-3xl, 6.5rem);padding-bottom:var(--global-kb-spacing-xxl, 5rem);grid-template-columns:minmax(0, calc(25% - ((var(--global-kb-gap-md, 2rem) * 1 )\/2)))minmax(0, calc(75% - ((var(--global-kb-gap-md, 2rem) * 1 )\/2)));}.kb-row-layout-id1389_8c946c-f3 > .kt-row-layout-overlay{opacity:0.30;}@media all and (max-width: 1024px){.kb-row-layout-id1389_8c946c-f3 > .kt-row-column-wrap{grid-template-columns:minmax(0, 1fr) minmax(0, 2fr);}}@media all and (max-width: 767px){.kb-row-layout-id1389_8c946c-f3 > .kt-row-column-wrap{padding-top:var(--global-kb-spacing-lg, 3rem);padding-bottom:var(--global-kb-spacing-lg, 3rem);grid-template-columns:minmax(0, 1fr);}}<\/style><div class=\"kb-row-layout-wrap kb-row-layout-id1389_8c946c-f3 alignnone has-theme-palette9-background-color kt-row-has-bg wp-block-kadence-rowlayout\"><div class=\"kt-row-column-wrap kt-has-2-columns kt-row-layout-right-golden kt-tab-layout-inherit kt-mobile-layout-row kt-row-valign-top\">\n<style>.kadence-column1389_c0bd48-6c > .kt-inside-inner-col,.kadence-column1389_c0bd48-6c > .kt-inside-inner-col:before{border-top-left-radius:0px;border-top-right-radius:0px;border-bottom-right-radius:0px;border-bottom-left-radius:0px;}.kadence-column1389_c0bd48-6c > .kt-inside-inner-col{column-gap:var(--global-kb-gap-sm, 1rem);}.kadence-column1389_c0bd48-6c > .kt-inside-inner-col{flex-direction:column;}.kadence-column1389_c0bd48-6c > .kt-inside-inner-col > .aligncenter{width:100%;}.kadence-column1389_c0bd48-6c > .kt-inside-inner-col:before{opacity:0.3;}.kadence-column1389_c0bd48-6c{position:relative;}@media all and (max-width: 1024px){.kadence-column1389_c0bd48-6c > .kt-inside-inner-col{flex-direction:column;justify-content:center;}}@media all and (max-width: 767px){.kadence-column1389_c0bd48-6c > .kt-inside-inner-col{flex-direction:column;justify-content:center;}}<\/style>\n<div class=\"wp-block-kadence-column kadence-column1389_c0bd48-6c\"><div class=\"kt-inside-inner-col\"><div class=\"wp-block-image\">\n<figure class=\"alignright size-full\"><img loading=\"lazy\" decoding=\"async\" width=\"90\" height=\"89\" src=\"https:\/\/nikolaurila.fi\/wp-content\/uploads\/2023\/10\/kamera-ikoni-gr.png\" alt=\"\" class=\"wp-image-61\"\/><\/figure>\n<\/div><\/div><\/div>\n\n\n<style>.kadence-column1389_e1e3cf-5d > .kt-inside-inner-col,.kadence-column1389_e1e3cf-5d > .kt-inside-inner-col:before{border-top-left-radius:0px;border-top-right-radius:0px;border-bottom-right-radius:0px;border-bottom-left-radius:0px;}.kadence-column1389_e1e3cf-5d > .kt-inside-inner-col{column-gap:var(--global-kb-gap-sm, 1rem);}.kadence-column1389_e1e3cf-5d > .kt-inside-inner-col{flex-direction:column;}.kadence-column1389_e1e3cf-5d > .kt-inside-inner-col > .aligncenter{width:100%;}.kadence-column1389_e1e3cf-5d > .kt-inside-inner-col:before{opacity:0.3;}.kadence-column1389_e1e3cf-5d{position:relative;}@media all and (max-width: 1024px){.kadence-column1389_e1e3cf-5d > .kt-inside-inner-col{flex-direction:column;justify-content:center;}}@media all and (max-width: 767px){.kadence-column1389_e1e3cf-5d > .kt-inside-inner-col{flex-direction:column;justify-content:center;}}<\/style>\n<div class=\"wp-block-kadence-column kadence-column1389_e1e3cf-5d\"><div class=\"kt-inside-inner-col\">\n<h2 class=\"wp-block-heading\"><strong>Visit Sy\u00f6te<\/strong><\/h2>\n\n\n\n<p>Sy\u00f6te invited me for a week to explore, photograph, and promote the area&#8217;s services and nature. During the week-long trip, I experienced wonderful moments with local businesses in the area. We went skiing, fatbiking, dog sledding, and on many other adventures. I gathered a collection of photos for Visit Sy\u00f6te to use, actively posted on social media stories and photo stories about the adventure, as well as video material. Unforgettable moments! And Sy\u00f6te got material to use for a long time. The place became familiar to my followers, and many have visited the destination since then.<\/p>\n<\/div><\/div>\n\n<\/div><\/div>\n\n<style>.kb-row-layout-id1389_667b97-2e > .kt-row-column-wrap{align-content:start;}:where(.kb-row-layout-id1389_667b97-2e > .kt-row-column-wrap) > .wp-block-kadence-column{justify-content:start;}.kb-row-layout-id1389_667b97-2e > .kt-row-column-wrap{column-gap:var(--global-kb-gap-md, 2rem);row-gap:var(--global-kb-gap-md, 2rem);padding-top:var(--global-kb-spacing-md, 2rem);padding-bottom:var(--global-kb-spacing-xl, 4rem);grid-template-columns:minmax(0, 1fr);}.kb-row-layout-id1389_667b97-2e > .kt-row-layout-overlay{opacity:0.30;}@media all and (max-width: 1024px){.kb-row-layout-id1389_667b97-2e > .kt-row-column-wrap{grid-template-columns:minmax(0, 1fr);}}@media all and (max-width: 767px){.kb-row-layout-id1389_667b97-2e > .kt-row-column-wrap{padding-top:var(--global-kb-spacing-xs, 1rem);grid-template-columns:minmax(0, 1fr);}}<\/style><div class=\"kb-row-layout-wrap kb-row-layout-id1389_667b97-2e alignfull wp-block-kadence-rowlayout\"><div class=\"kt-row-column-wrap kt-has-1-columns kt-row-layout-equal kt-tab-layout-inherit kt-mobile-layout-row kt-row-valign-top\">\n<style>.kadence-column1389_0a48e1-7f > .kt-inside-inner-col,.kadence-column1389_0a48e1-7f > .kt-inside-inner-col:before{border-top-left-radius:0px;border-top-right-radius:0px;border-bottom-right-radius:0px;border-bottom-left-radius:0px;}.kadence-column1389_0a48e1-7f > .kt-inside-inner-col{column-gap:var(--global-kb-gap-sm, 1rem);}.kadence-column1389_0a48e1-7f > .kt-inside-inner-col{flex-direction:column;}.kadence-column1389_0a48e1-7f > .kt-inside-inner-col > .aligncenter{width:100%;}.kadence-column1389_0a48e1-7f > .kt-inside-inner-col:before{opacity:0.3;}.kadence-column1389_0a48e1-7f{position:relative;}@media all and (max-width: 1024px){.kadence-column1389_0a48e1-7f > .kt-inside-inner-col{flex-direction:column;justify-content:center;}}@media all and (max-width: 767px){.kadence-column1389_0a48e1-7f > .kt-inside-inner-col{flex-direction:column;justify-content:center;}}<\/style>\n<div class=\"wp-block-kadence-column kadence-column1389_0a48e1-7f\"><div class=\"kt-inside-inner-col\"><style>.wp-block-kadence-advancedgallery .kb-gallery-type-grid.kb-gallery-id-1389_505844-7a{margin:-5px;}.kb-gallery-type-grid.kb-gallery-id-1389_505844-7a .kadence-blocks-gallery-item{padding:5px;}.kb-gallery-id-1389_505844-7a .kadence-blocks-gallery-item .kb-gal-image-radius, .kb-gallery-id-1389_505844-7a .kb-slide-item .kb-gal-image-radius img{border-radius:0px 0px 0px 0px;;}<\/style><div class=\"kb-gallery-wrap-id-1389_505844-7a alignnone wp-block-kadence-advancedgallery\"><ul class=\"kb-gallery-ul kb-gallery-non-static kb-gallery-type-grid kb-gallery-id-1389_505844-7a kb-gallery-caption-style-bottom-hover kb-gallery-filter-none\" data-image-filter=\"none\" data-item-selector=\".kadence-blocks-gallery-item\" data-lightbox-caption=\"true\" data-columns-xxl=\"2\" data-columns-xl=\"2\" data-columns-md=\"2\" data-columns-sm=\"2\" data-columns-xs=\"1\" data-columns-ss=\"1\"><li class=\"kadence-blocks-gallery-item\"><div class=\"kadence-blocks-gallery-item-inner\"><figure class=\"kb-gallery-figure kb-gallery-item-has-link kadence-blocks-gallery-item-hide-caption\"><a href=\"https:\/\/nikolaurila.fi\/wp-content\/uploads\/2024\/04\/niko-laurila-visit-syote-2.jpg\" class=\"kb-gallery-item-link\"  ><div class=\"kb-gal-image-radius\"><div class=\"kb-gallery-image-contain kadence-blocks-gallery-intrinsic kb-gallery-image-ratio-land32 kb-has-image-ratio-land32\" ><img loading=\"lazy\" decoding=\"async\" src=\"https:\/\/nikolaurila.fi\/wp-content\/uploads\/2024\/04\/niko-laurila-visit-syote-2-674x1024.jpg\" width=\"674\" height=\"1024\" alt=\"\" data-full-image=\"https:\/\/nikolaurila.fi\/wp-content\/uploads\/2024\/04\/niko-laurila-visit-syote-2.jpg\" data-light-image=\"https:\/\/nikolaurila.fi\/wp-content\/uploads\/2024\/04\/niko-laurila-visit-syote-2.jpg\" data-id=\"587\" class=\"wp-image-587\" srcset=\"https:\/\/nikolaurila.fi\/wp-content\/uploads\/2024\/04\/niko-laurila-visit-syote-2-674x1024.jpg 674w, https:\/\/nikolaurila.fi\/wp-content\/uploads\/2024\/04\/niko-laurila-visit-syote-2-197x300.jpg 197w, https:\/\/nikolaurila.fi\/wp-content\/uploads\/2024\/04\/niko-laurila-visit-syote-2-768x1167.jpg 768w, https:\/\/nikolaurila.fi\/wp-content\/uploads\/2024\/04\/niko-laurila-visit-syote-2-1011x1536.jpg 1011w, https:\/\/nikolaurila.fi\/wp-content\/uploads\/2024\/04\/niko-laurila-visit-syote-2.jpg 1200w\" sizes=\"auto, (max-width: 674px) 100vw, 674px\" \/><\/div><\/div><\/a><\/figure><\/div><\/li><li class=\"kadence-blocks-gallery-item\"><div class=\"kadence-blocks-gallery-item-inner\"><figure class=\"kb-gallery-figure kb-gallery-item-has-link kadence-blocks-gallery-item-hide-caption\"><a href=\"https:\/\/nikolaurila.fi\/wp-content\/uploads\/2024\/04\/niko-laurila-visit-syote-3.jpg\" class=\"kb-gallery-item-link\"  ><div class=\"kb-gal-image-radius\"><div class=\"kb-gallery-image-contain kadence-blocks-gallery-intrinsic kb-gallery-image-ratio-land32 kb-has-image-ratio-land32\" ><img loading=\"lazy\" decoding=\"async\" src=\"https:\/\/nikolaurila.fi\/wp-content\/uploads\/2024\/04\/niko-laurila-visit-syote-3-683x1024.jpg\" width=\"683\" height=\"1024\" alt=\"\" data-full-image=\"https:\/\/nikolaurila.fi\/wp-content\/uploads\/2024\/04\/niko-laurila-visit-syote-3.jpg\" data-light-image=\"https:\/\/nikolaurila.fi\/wp-content\/uploads\/2024\/04\/niko-laurila-visit-syote-3.jpg\" data-id=\"588\" class=\"wp-image-588\" srcset=\"https:\/\/nikolaurila.fi\/wp-content\/uploads\/2024\/04\/niko-laurila-visit-syote-3-683x1024.jpg 683w, https:\/\/nikolaurila.fi\/wp-content\/uploads\/2024\/04\/niko-laurila-visit-syote-3-200x300.jpg 200w, https:\/\/nikolaurila.fi\/wp-content\/uploads\/2024\/04\/niko-laurila-visit-syote-3-768x1152.jpg 768w, https:\/\/nikolaurila.fi\/wp-content\/uploads\/2024\/04\/niko-laurila-visit-syote-3-1024x1536.jpg 1024w, https:\/\/nikolaurila.fi\/wp-content\/uploads\/2024\/04\/niko-laurila-visit-syote-3.jpg 1200w\" sizes=\"auto, (max-width: 683px) 100vw, 683px\" \/><\/div><\/div><\/a><\/figure><\/div><\/li><li class=\"kadence-blocks-gallery-item\"><div class=\"kadence-blocks-gallery-item-inner\"><figure class=\"kb-gallery-figure kb-gallery-item-has-link kadence-blocks-gallery-item-hide-caption\"><a href=\"https:\/\/nikolaurila.fi\/wp-content\/uploads\/2024\/04\/niko-laurila-visit-syote-4.jpg\" class=\"kb-gallery-item-link\"  ><div class=\"kb-gal-image-radius\"><div class=\"kb-gallery-image-contain kadence-blocks-gallery-intrinsic kb-gallery-image-ratio-land32 kb-has-image-ratio-land32\" ><img loading=\"lazy\" decoding=\"async\" src=\"https:\/\/nikolaurila.fi\/wp-content\/uploads\/2024\/04\/niko-laurila-visit-syote-4-1024x683.jpg\" width=\"1024\" height=\"683\" alt=\"\" data-full-image=\"https:\/\/nikolaurila.fi\/wp-content\/uploads\/2024\/04\/niko-laurila-visit-syote-4.jpg\" data-light-image=\"https:\/\/nikolaurila.fi\/wp-content\/uploads\/2024\/04\/niko-laurila-visit-syote-4.jpg\" data-id=\"589\" class=\"wp-image-589\" srcset=\"https:\/\/nikolaurila.fi\/wp-content\/uploads\/2024\/04\/niko-laurila-visit-syote-4-1024x683.jpg 1024w, https:\/\/nikolaurila.fi\/wp-content\/uploads\/2024\/04\/niko-laurila-visit-syote-4-300x200.jpg 300w, https:\/\/nikolaurila.fi\/wp-content\/uploads\/2024\/04\/niko-laurila-visit-syote-4-768x512.jpg 768w, https:\/\/nikolaurila.fi\/wp-content\/uploads\/2024\/04\/niko-laurila-visit-syote-4.jpg 1200w\" sizes=\"auto, (max-width: 1024px) 100vw, 1024px\" \/><\/div><\/div><\/a><\/figure><\/div><\/li><li class=\"kadence-blocks-gallery-item\"><div class=\"kadence-blocks-gallery-item-inner\"><figure class=\"kb-gallery-figure kb-gallery-item-has-link kadence-blocks-gallery-item-hide-caption\"><a href=\"https:\/\/nikolaurila.fi\/wp-content\/uploads\/2024\/04\/niko-laurila-visit-syote-5.jpg\" class=\"kb-gallery-item-link\"  ><div class=\"kb-gal-image-radius\"><div class=\"kb-gallery-image-contain kadence-blocks-gallery-intrinsic kb-gallery-image-ratio-land32 kb-has-image-ratio-land32\" ><img loading=\"lazy\" decoding=\"async\" src=\"https:\/\/nikolaurila.fi\/wp-content\/uploads\/2024\/04\/niko-laurila-visit-syote-5-1024x672.jpg\" width=\"1024\" height=\"672\" alt=\"\" data-full-image=\"https:\/\/nikolaurila.fi\/wp-content\/uploads\/2024\/04\/niko-laurila-visit-syote-5.jpg\" data-light-image=\"https:\/\/nikolaurila.fi\/wp-content\/uploads\/2024\/04\/niko-laurila-visit-syote-5.jpg\" data-id=\"590\" class=\"wp-image-590\" srcset=\"https:\/\/nikolaurila.fi\/wp-content\/uploads\/2024\/04\/niko-laurila-visit-syote-5-1024x672.jpg 1024w, https:\/\/nikolaurila.fi\/wp-content\/uploads\/2024\/04\/niko-laurila-visit-syote-5-300x197.jpg 300w, https:\/\/nikolaurila.fi\/wp-content\/uploads\/2024\/04\/niko-laurila-visit-syote-5-768x504.jpg 768w, https:\/\/nikolaurila.fi\/wp-content\/uploads\/2024\/04\/niko-laurila-visit-syote-5.jpg 1200w\" sizes=\"auto, (max-width: 1024px) 100vw, 1024px\" \/><\/div><\/div><\/a><\/figure><\/div><\/li><\/ul><\/div><\/div><\/div>\n\n<\/div><\/div>\n\n<style>.kb-row-layout-id1338_b01aa5-82 > .kt-row-column-wrap{align-content:start;}:where(.kb-row-layout-id1338_b01aa5-82 > .kt-row-column-wrap) > .wp-block-kadence-column{justify-content:start;}.kb-row-layout-id1338_b01aa5-82 > .kt-row-column-wrap{column-gap:var(--global-kb-gap-md, 2rem);row-gap:var(--global-kb-gap-md, 2rem);padding-bottom:var(--global-kb-spacing-sm, 1.5rem);grid-template-columns:minmax(0, 1fr);}.kb-row-layout-id1338_b01aa5-82 > .kt-row-layout-overlay{opacity:0.00;background-color:#212121;}@media all and (max-width: 1024px){.kb-row-layout-id1338_b01aa5-82 > .kt-row-column-wrap{grid-template-columns:minmax(0, 1fr);}}@media all and (max-width: 767px){.kb-row-layout-id1338_b01aa5-82 > .kt-row-column-wrap{padding-right:0px;padding-left:0px;grid-template-columns:minmax(0, 1fr);}}<\/style><div class=\"kb-row-layout-wrap kb-row-layout-id1338_b01aa5-82 alignnone kt-row-has-bg wp-block-kadence-rowlayout\"><div class=\"kt-row-layout-overlay kt-row-overlay-normal\"><\/div><div class=\"kt-row-column-wrap kt-has-1-columns kt-row-layout-equal kt-tab-layout-inherit kt-mobile-layout-row kt-row-valign-top\">\n<style>.kadence-column1338_2c5d6b-24 > .kt-inside-inner-col,.kadence-column1338_2c5d6b-24 > .kt-inside-inner-col:before{border-top-left-radius:0px;border-top-right-radius:0px;border-bottom-right-radius:0px;border-bottom-left-radius:0px;}.kadence-column1338_2c5d6b-24 > .kt-inside-inner-col{column-gap:var(--global-kb-gap-sm, 1rem);}.kadence-column1338_2c5d6b-24 > .kt-inside-inner-col{flex-direction:column;}.kadence-column1338_2c5d6b-24 > .kt-inside-inner-col > .aligncenter{width:100%;}.kadence-column1338_2c5d6b-24 > .kt-inside-inner-col:before{opacity:0.3;}.kadence-column1338_2c5d6b-24{position:relative;}@media all and (max-width: 1024px){.kadence-column1338_2c5d6b-24 > .kt-inside-inner-col{flex-direction:column;justify-content:center;}}@media all and (max-width: 767px){.kadence-column1338_2c5d6b-24 > .kt-inside-inner-col{flex-direction:column;justify-content:center;}}<\/style>\n<div class=\"wp-block-kadence-column kadence-column1338_2c5d6b-24\"><div class=\"kt-inside-inner-col\"><style>.kb-row-layout-id1338_b5a1c3-35 > .kt-row-column-wrap{align-content:start;}:where(.kb-row-layout-id1338_b5a1c3-35 > .kt-row-column-wrap) > .wp-block-kadence-column{justify-content:start;}.kb-row-layout-id1338_b5a1c3-35 > .kt-row-column-wrap{column-gap:var(--global-kb-gap-md, 2rem);row-gap:var(--global-kb-gap-md, 2rem);padding-top:180px;padding-bottom:240px;grid-template-columns:minmax(0, 1fr);}.kb-row-layout-id1338_b5a1c3-35{background-image:url('https:\/\/nikolaurila.fi\/wp-content\/uploads\/2024\/04\/niko-laurila-ota-yhteytta.jpg');background-size:cover;background-position:center center;background-attachment:fixed;background-repeat:no-repeat;}.kb-row-layout-id1338_b5a1c3-35 > .kt-row-layout-overlay{opacity:0.00;}@media all and (max-width: 1024px), only screen and (min-device-width: 1024px) and (max-device-width: 1366px) and (-webkit-min-device-pixel-ratio: 2) and (hover: none){.kb-row-layout-id1338_b5a1c3-35{background-attachment:scroll;}}@media all and (max-width: 1024px){.kb-row-layout-id1338_b5a1c3-35 > .kt-row-column-wrap{grid-template-columns:minmax(0, 1fr);}}@media all and (max-width: 767px){.kb-row-layout-id1338_b5a1c3-35 > .kt-row-column-wrap{grid-template-columns:minmax(0, 1fr);}}<\/style><div class=\"kb-row-layout-wrap kb-row-layout-id1338_b5a1c3-35 alignfull kt-row-has-bg wp-block-kadence-rowlayout\"><div class=\"kt-row-column-wrap kt-has-1-columns kt-row-layout-equal kt-tab-layout-inherit kt-mobile-layout-row kt-row-valign-top\">\n<style>.kadence-column1338_8e19c4-d2 > .kt-inside-inner-col{padding-right:var(--global-kb-spacing-5xl, 10rem);padding-left:var(--global-kb-spacing-5xl, 10rem);}.kadence-column1338_8e19c4-d2 > .kt-inside-inner-col,.kadence-column1338_8e19c4-d2 > .kt-inside-inner-col:before{border-top-left-radius:0px;border-top-right-radius:0px;border-bottom-right-radius:0px;border-bottom-left-radius:0px;}.kadence-column1338_8e19c4-d2 > .kt-inside-inner-col{column-gap:var(--global-kb-gap-sm, 1rem);}.kadence-column1338_8e19c4-d2 > .kt-inside-inner-col{flex-direction:column;}.kadence-column1338_8e19c4-d2 > .kt-inside-inner-col > .aligncenter{width:100%;}.kadence-column1338_8e19c4-d2 > .kt-inside-inner-col:before{opacity:0.3;}.kadence-column1338_8e19c4-d2{position:relative;}@media all and (max-width: 1024px){.kadence-column1338_8e19c4-d2 > .kt-inside-inner-col{flex-direction:column;justify-content:center;}}@media all and (max-width: 767px){.kadence-column1338_8e19c4-d2 > .kt-inside-inner-col{padding-right:var(--global-kb-spacing-xxs, 0.5rem);padding-left:var(--global-kb-spacing-xxs, 0.5rem);flex-direction:column;justify-content:center;}}<\/style>\n<div class=\"wp-block-kadence-column kadence-column1338_8e19c4-d2\"><div class=\"kt-inside-inner-col\">\n<h1 class=\"wp-block-heading has-text-align-left\">Get in touch!<\/h1>\n\n\n\n<p class=\"has-text-align-left\"><strong><strong>I\u2019m happy to provide more information<\/strong><\/strong><\/p>\n\n\n<style>.wp-block-kadence-advancedbtn.kb-btns1338_f2ced7-c3{gap:var(--global-kb-gap-xs, 0.5rem );justify-content:flex-start;align-items:center;}.kt-btns1338_f2ced7-c3 .kt-button{font-weight:normal;font-style:normal;}.kt-btns1338_f2ced7-c3 .kt-btn-wrap-0{margin-right:5px;}.wp-block-kadence-advancedbtn.kt-btns1338_f2ced7-c3 .kt-btn-wrap-0 .kt-button{color:#555555;border-color:#555555;}.wp-block-kadence-advancedbtn.kt-btns1338_f2ced7-c3 .kt-btn-wrap-0 .kt-button:hover, .wp-block-kadence-advancedbtn.kt-btns1338_f2ced7-c3 .kt-btn-wrap-0 .kt-button:focus{color:#ffffff;border-color:#444444;}.wp-block-kadence-advancedbtn.kt-btns1338_f2ced7-c3 .kt-btn-wrap-0 .kt-button::before{display:none;}.wp-block-kadence-advancedbtn.kt-btns1338_f2ced7-c3 .kt-btn-wrap-0 .kt-button:hover, .wp-block-kadence-advancedbtn.kt-btns1338_f2ced7-c3 .kt-btn-wrap-0 .kt-button:focus{background:#444444;}<\/style>\n<div class=\"wp-block-kadence-advancedbtn kb-buttons-wrap kb-btns1338_f2ced7-c3\"><style>ul.menu .wp-block-kadence-advancedbtn .kb-btn1338_226d57-f5.kb-button{width:initial;}<\/style><a class=\"kb-button kt-button button kb-btn1338_226d57-f5 kt-btn-size-standard kt-btn-width-type-auto kb-btn-global-fill  kt-btn-has-text-true kt-btn-has-svg-false  wp-block-kadence-singlebtn\" href=\"https:\/\/nikolaurila.fi\/en\/contact-me\/\"><span class=\"kt-btn-inner-text\">Contact me<\/span><\/a><\/div>\n<\/div><\/div>\n\n<\/div><\/div><\/div><\/div>\n\n<\/div><\/div>","protected":false},"excerpt":{"rendered":"<p>Reference: Visit Sy\u00f6te Visit Sy\u00f6te Sy\u00f6te invited me for a week to explore, photograph, and promote the area&#8217;s services and nature. During the week-long trip, I experienced wonderful moments with local businesses in the area. We went skiing, fatbiking, dog sledding, and on many other adventures. I gathered a collection of photos for Visit Sy\u00f6te&#8230;<\/p>\n","protected":false},"author":1,"featured_media":0,"parent":1374,"menu_order":0,"comment_status":"closed","ping_status":"closed","template":"","meta":{"_kad_blocks_custom_css":"","_kad_blocks_head_custom_js":"","_kad_blocks_body_custom_js":"","_kad_blocks_footer_custom_js":"","_kad_post_transparent":"enable","_kad_post_title":"","_kad_post_layout":"","_kad_post_sidebar_id":"","_kad_post_content_style":"","_kad_post_vertical_padding":"","_kad_post_feature":"","_kad_post_feature_position":"","_kad_post_header":false,"_kad_post_footer":false,"_kad_post_classname":"","footnotes":""},"class_list":["post-1389","page","type-page","status-publish","hentry"],"taxonomy_info":[],"featured_image_src_large":false,"author_info":{"display_name":"admin","author_link":"https:\/\/nikolaurila.fi\/en\/author\/admin\/"},"comment_info":0,"_links":{"self":[{"href":"https:\/\/nikolaurila.fi\/en\/wp-json\/wp\/v2\/pages\/1389","targetHints":{"allow":["GET"]}}],"collection":[{"href":"https:\/\/nikolaurila.fi\/en\/wp-json\/wp\/v2\/pages"}],"about":[{"href":"https:\/\/nikolaurila.fi\/en\/wp-json\/wp\/v2\/types\/page"}],"author":[{"embeddable":true,"href":"https:\/\/nikolaurila.fi\/en\/wp-json\/wp\/v2\/users\/1"}],"replies":[{"embeddable":true,"href":"https:\/\/nikolaurila.fi\/en\/wp-json\/wp\/v2\/comments?post=1389"}],"version-history":[{"count":1,"href":"https:\/\/nikolaurila.fi\/en\/wp-json\/wp\/v2\/pages\/1389\/revisions"}],"predecessor-version":[{"id":1390,"href":"https:\/\/nikolaurila.fi\/en\/wp-json\/wp\/v2\/pages\/1389\/revisions\/1390"}],"up":[{"embeddable":true,"href":"https:\/\/nikolaurila.fi\/en\/wp-json\/wp\/v2\/pages\/1374"}],"wp:attachment":[{"href":"https:\/\/nikolaurila.fi\/en\/wp-json\/wp\/v2\/media?parent=1389"}],"curies":[{"name":"wp","href":"https:\/\/api.w.org\/{rel}","templated":true}]}}